{"id":52325,"date":"2021-04-12T07:53:45","date_gmt":"2021-04-12T07:53:45","guid":{"rendered":"https:\/\/fermelux.markeasy.lu\/politique-de-cookies\/"},"modified":"2022-06-07T08:45:50","modified_gmt":"2022-06-07T08:45:50","slug":"politique-de-cookies","status":"publish","type":"page","link":"https:\/\/fermelux.lu\/de\/politique-de-cookies\/","title":{"rendered":"Politique de cookies"},"content":{"rendered":"<p>[et_pb_section fb_built=&#8220;1&#8243; _builder_version=&#8220;4.16&#8243; _module_preset=&#8220;default&#8220; custom_margin=&#8220;0px||||false|false&#8220; custom_padding=&#8220;0px||0px||false|false&#8220; global_colors_info=&#8220;{}&#8220;][et_pb_row column_structure=&#8220;2_5,3_5&#8243; use_custom_gutter=&#8220;on&#8220; gutter_width=&#8220;1&#8243; make_equal=&#8220;on&#8220; _builder_version=&#8220;4.16&#8243; _module_preset=&#8220;default&#8220; background_image=&#8220;https:\/\/fermelux.lu\/wp-content\/uploads\/2021\/04\/cookies_ferme-lux.jpg&#8220; width=&#8220;100%&#8220; max_width=&#8220;100%&#8220; custom_padding=&#8220;0px||0px||true|&#8220; animation_style=&#8220;fade&#8220; animation_delay=&#8220;500ms&#8220; global_colors_info=&#8220;{}&#8220;][et_pb_column type=&#8220;2_5&#8243; _builder_version=&#8220;4.16&#8243; _module_preset=&#8220;default&#8220; background_color=&#8220;rgba(35,35,35,0.75)&#8220; custom_padding=&#8220;14vh|5%|14vh|5%|true|true&#8220; custom_padding_tablet=&#8220;100px|100px|100px|100px|true|true&#8220; custom_padding_phone=&#8220;100px|30px|100px|30px|true|true&#8220; custom_padding_last_edited=&#8220;on|phone&#8220; global_colors_info=&#8220;{}&#8220;][et_pb_text _builder_version=&#8220;4.16&#8243; _module_preset=&#8220;default&#8220; text_font=&#8220;Archivo Narrow|600|||||||&#8220; text_text_color=&#8220;#FFFFFF&#8220; text_font_size=&#8220;15px&#8220; text_letter_spacing=&#8220;2px&#8220; text_line_height=&#8220;1em&#8220; global_colors_info=&#8220;{}&#8220;]<\/p>\n<p>FERME-LUX S\u00e0rl<\/p>\n<p>[\/et_pb_text][et_pb_text _builder_version=&#8220;4.17.3&#8243; _module_preset=&#8220;default&#8220; text_font=&#8220;Archivo Narrow|700|||||||&#8220; text_text_color=&#8220;#FFFFFF&#8220; text_font_size=&#8220;40px&#8220; text_line_height=&#8220;1.3em&#8220; header_3_font=&#8220;Archivo Narrow|700|||||||&#8220; header_3_text_align=&#8220;left&#8220; header_3_text_color=&#8220;#FFFFFF&#8220; header_3_font_size=&#8220;35px&#8220; header_3_line_height=&#8220;1.1em&#8220; module_alignment=&#8220;left&#8220; custom_margin=&#8220;25px||||false|false&#8220; hover_enabled=&#8220;0&#8243; header_3_font_size_tablet=&#8220;35px&#8220; header_3_font_size_phone=&#8220;35px&#8220; header_3_font_size_last_edited=&#8220;on|phone&#8220; header_3_line_height_tablet=&#8220;1.1em&#8220; header_3_line_height_phone=&#8220;1.1em&#8220; header_3_line_height_last_edited=&#8220;on|desktop&#8220; global_colors_info=&#8220;{}&#8220; sticky_enabled=&#8220;0&#8243;]<\/p>\n<h3>Cookie-Richtlinie<\/h3>\n<p>\n<script type=\"text\/javascript\" src=\"chrome-extension:\/\/hjggbopcacdchdecegldbeknhpeiheaf\/content\/zbscormscript.js\"><\/script>\n<\/p>\n<p>[\/et_pb_text][et_pb_button button_url=&#8220;\/de&#8220; button_text=&#8220;ZUR\u00dcCK ZUR STARTSEITE&#8220; button_alignment=&#8220;left&#8220; _builder_version=&#8220;4.17.3&#8243; _module_preset=&#8220;default&#8220; custom_button=&#8220;on&#8220; button_text_size=&#8220;15px&#8220; button_text_color=&#8220;#0F99DD&#8220; button_bg_color=&#8220;#FFFFFF&#8220; button_border_width=&#8220;0px&#8220; button_border_color=&#8220;#0F99DD&#8220; button_border_radius=&#8220;0px&#8220; button_letter_spacing=&#8220;3px&#8220; button_font=&#8220;Archivo Narrow|700||on|||||&#8220; button_use_icon=&#8220;off&#8220; custom_margin=&#8220;35px||||false|false&#8220; custom_padding=&#8220;20px|40px|20px|40px|true|false&#8220; hover_enabled=&#8220;0&#8243; global_colors_info=&#8220;{}&#8220; button_text_color__hover_enabled=&#8220;on|hover&#8220; button_text_color__hover=&#8220;#FFFFFF&#8220; button_bg_color__hover_enabled=&#8220;on|hover&#8220; button_bg_color__hover=&#8220;#232323&#8243; button_bg_enable_color__hover=&#8220;on&#8220; button_border_color__hover_enabled=&#8220;on|desktop&#8220; button_border_color__hover=&#8220;#232323&#8243; button_letter_spacing__hover_enabled=&#8220;on|desktop&#8220; button_letter_spacing__hover=&#8220;3px&#8220; sticky_enabled=&#8220;0&#8243;][\/et_pb_button][\/et_pb_column][et_pb_column type=&#8220;3_5&#8243; disabled_on=&#8220;on|on|off&#8220; _builder_version=&#8220;4.16&#8243; _module_preset=&#8220;default&#8220; background_enable_image=&#8220;off&#8220; background_position=&#8220;center_right&#8220; global_colors_info=&#8220;{}&#8220;][et_pb_divider show_divider=&#8220;off&#8220; _builder_version=&#8220;4.16&#8243; _module_preset=&#8220;default&#8220; custom_padding_tablet=&#8220;40%||40%||true|false&#8220; custom_padding_phone=&#8220;50%||50%||true|false&#8220; custom_padding_last_edited=&#8220;on|phone&#8220; global_colors_info=&#8220;{}&#8220;][\/et_pb_divider][\/et_pb_column][\/et_pb_row][\/et_pb_section][et_pb_section fb_built=&#8220;1&#8243; _builder_version=&#8220;4.16&#8243; _module_preset=&#8220;default&#8220; custom_padding=&#8220;80px||80px||true|&#8220; box_shadow_style=&#8220;preset1&#8243; box_shadow_vertical=&#8220;-28px&#8220; box_shadow_blur=&#8220;36px&#8220; box_shadow_spread=&#8220;20px&#8220; box_shadow_color=&#8220;rgba(255,255,255,0.2)&#8220; global_colors_info=&#8220;{}&#8220;][et_pb_row use_custom_gutter=&#8220;on&#8220; gutter_width=&#8220;2&#8243; make_equal=&#8220;on&#8220; _builder_version=&#8220;4.16&#8243; _module_preset=&#8220;default&#8220; custom_padding=&#8220;||10px|||&#8220; global_colors_info=&#8220;{}&#8220;][et_pb_column type=&#8220;4_4&#8243; _builder_version=&#8220;4.16&#8243; _module_preset=&#8220;default&#8220; animation_style=&#8220;fade&#8220; animation_delay=&#8220;500ms&#8220; global_colors_info=&#8220;{}&#8220;][et_pb_text _builder_version=&#8220;4.17.3&#8243; _module_preset=&#8220;default&#8220; text_font=&#8220;Archivo Narrow|700|||||||&#8220; text_text_color=&#8220;#FFFFFF&#8220; text_font_size=&#8220;40px&#8220; text_line_height=&#8220;1.3em&#8220; header_3_font=&#8220;Archivo Narrow|700|||||||&#8220; header_3_text_align=&#8220;left&#8220; header_3_text_color=&#8220;#232323&#8243; header_3_font_size=&#8220;40px&#8220; header_3_line_height=&#8220;1.1em&#8220; max_width=&#8220;518px&#8220; module_alignment=&#8220;left&#8220; custom_margin=&#8220;||||false|false&#8220; hover_enabled=&#8220;0&#8243; header_3_font_size_tablet=&#8220;35px&#8220; header_3_font_size_phone=&#8220;35px&#8220; header_3_font_size_last_edited=&#8220;on|desktop&#8220; header_3_line_height_tablet=&#8220;1.1em&#8220; header_3_line_height_phone=&#8220;1.1em&#8220; header_3_line_height_last_edited=&#8220;on|desktop&#8220; global_colors_info=&#8220;{}&#8220; sticky_enabled=&#8220;0&#8243;]<\/p>\n<h3>\u00dcber diese Cookie-Richtlinie<\/h3>\n<p>[\/et_pb_text][et_pb_text _builder_version=&#8220;4.17.3&#8243; _module_preset=&#8220;default&#8220; text_font=&#8220;Roboto Condensed||||||||&#8220; text_text_color=&#8220;#828282&#8243; text_font_size=&#8220;18px&#8220; text_line_height=&#8220;1.8em&#8220; link_font=&#8220;Roboto Condensed|700|||||||&#8220; link_text_color=&#8220;#0573bb&#8220; custom_margin_tablet=&#8220;-10px||||false|false&#8220; custom_margin_phone=&#8220;-10px||||false|false&#8220; custom_margin_last_edited=&#8220;on|phone&#8220; hover_enabled=&#8220;0&#8243; global_colors_info=&#8220;{}&#8220; sticky_enabled=&#8220;0&#8243;]<\/p>\n<p><span style=\"font-weight: 400;\">Diese Cookie-Richtlinie erkl\u00e4rt, was Cookies sind und wie wir sie verwenden. Sie sollten diese Richtlinie lesen, um zu verstehen, was Cookies sind, wie wir sie verwenden, welche Arten von Cookies wir verwenden, d.h. welche Informationen wir mit Hilfe von Cookies sammeln und wie diese Informationen verwendet werden und wie die Cookie-Pr\u00e4ferenzen gesteuert werden k\u00f6nnen. Weitere Informationen dar\u00fcber, wie wir Ihre pers\u00f6nlichen Daten verwenden, speichern und sicher aufbewahren, finden Sie in unserer <\/span><a href=\"\/de\/cookies-richtlinie\"><b>D\u00e9claration de confidentialit\u00e9<\/b><\/a><span style=\"font-weight: 400;\">.<\/span><\/p>\n<p><span style=\"font-weight: 400;\">Sie k\u00f6nnen Ihre Zustimmung zur Cookie-Erkl\u00e4rung auf unserer Website jederzeit \u00e4ndern oder widerrufen.<\/span><\/p>\n<p><span style=\"font-weight: 400;\">Erfahren Sie mehr dar\u00fcber, wer wir sind, wie Sie uns kontaktieren k\u00f6nnen und wie wir personenbezogene Daten verarbeiten, in unserer <a href=\"\/de\/cookies-richtlinie\"><b>D\u00e9claration de confidentialit\u00e9<\/b><\/a><\/span><span style=\"font-weight: 400;\">.<\/span><\/p>\n<p><span style=\"font-weight: 400;\">Ihre Zustimmung gilt f\u00fcr die folgenden Domains: <a href=\"https:\/\/fermelux.lu\">https:\/\/www.fermelux.lu<\/a><\/span><\/p>\n<h3><span style=\"font-weight: 400;\">Was sind Cookies?<\/span><\/h3>\n<p><span style=\"font-weight: 400;\">Cookies sind kleine Textdateien, die zum Speichern kleiner Informationen verwendet werden. Die Cookies werden auf Ihrem Ger\u00e4t gespeichert, wenn die Website in Ihrem Browser geladen wird. Diese Cookies helfen uns, die Website ordnungsgem\u00e4\u00df zu betreiben, die Website sicherer zu machen, eine bessere Benutzererfahrung zu bieten und zu verstehen, wie die Website funktioniert und zu analysieren, was funktioniert und wo sie verbessert werden muss.<\/span><\/p>\n<h3><span style=\"font-weight: 400;\">Wie verwenden wir Cookies?<\/span><\/h3>\n<p><span style=\"font-weight: 400;\">Wie die meisten Online-Dienste verwendet unsere Website Cookies von Erstanbietern und Dritten f\u00fcr eine Reihe von Zwecken. Die First-Party-Cookies sind meistens notwendig, damit die Website richtig funktioniert, und sie erfassen keine Ihrer pers\u00f6nlichen Daten.<\/span><\/p>\n<p><span style=\"font-weight: 400;\">Die auf unseren Websites verwendeten Cookies von Drittanbietern werden haupts\u00e4chlich dazu verwendet, um zu verstehen, wie die Website funktioniert, wie Sie mit unserer Website interagieren, um unsere Dienste sicher zu machen und um Ihnen insgesamt eine bessere und verbesserte Benutzererfahrung zu bieten und um Ihre zuk\u00fcnftigen Interaktionen mit unserer Website zu beschleunigen.<\/span><\/p>\n<h3><span style=\"font-weight: 400;\">Welche Typen von Cookies verwenden wir?<\/span><\/h3>\n<p><b>Notwendig<\/b><span style=\"font-weight: 400;\">: Einige Cookies sind notwendig, damit Sie die volle Funktionalit\u00e4t unserer Website nutzen k\u00f6nnen. Sie erm\u00f6glichen uns die Aufrechterhaltung der Benutzersitzungen und verhindern Sicherheitsbedrohungen. Sie sammeln oder speichern keine pers\u00f6nlichen Informationen.<\/span><\/p>\n<p><b>Statistik:<\/b><span style=\"font-weight: 400;\"> Diese Cookies speichern Informationen wie die Anzahl der Besucher der Website, die Anzahl der einzelnen Besucher, welche Seiten der Website besucht wurden, die Quelle des Besuchs usw. Diese Daten helfen uns zu verstehen und zu analysieren, wie gut die Website funktioniert und wo sie verbessert werden muss.<\/span><\/p>\n<p><b>Funktional:<\/b><span style=\"font-weight: 400;\"> Dies sind die Cookies, die bestimmte nicht wesentliche Funktionalit\u00e4ten auf unserer Website unterst\u00fctzen. Zu diesen Funktionalit\u00e4ten geh\u00f6ren die Einbettung von Inhalten wie Videos oder die gemeinsame Nutzung von Inhalten auf der Website auf Social-Media-Plattformen.<\/span><\/p>\n<h3><b>Pr\u00e4ferenzen:<\/b><span style=\"font-weight: 400;\"> Diese Cookies helfen uns, Ihre Einstellungen und Browsereinstellungen wie z.B. Sprachpr\u00e4ferenzen zu speichern, damit Sie bei zuk\u00fcnftigen Besuchen der Website ein besseres und effizienteres Erlebnis haben.<\/span><\/h3>\n<h3><span style=\"font-weight: 400;\">Wie kann ich die Cookie-Einstellungen kontrollieren?<\/span><\/h3>\n<p><span style=\"font-weight: 400;\">Sollten Sie sich dazu entschlie\u00dfen, Ihre Pr\u00e4ferenzen sp\u00e4ter w\u00e4hrend Ihrer Browsing-Session zu \u00e4ndern, k\u00f6nnen Sie auf Ihrem Bildschirm auf die Registerkarte \u201eDatenschutz &amp; Cookies-Richtlinie\u201c klicken. Dadurch wird die Einverst\u00e4ndniserkl\u00e4rung erneut angezeigt, so dass Sie Ihre Pr\u00e4ferenzen \u00e4ndern oder Ihre Zustimmung vollst\u00e4ndig zur\u00fcckziehen k\u00f6nnen.<\/span><\/p>\n<p><span style=\"font-weight: 400;\">Dar\u00fcber hinaus bieten verschiedene Browser unterschiedliche Methoden zum Blockieren und L\u00f6schen von Cookies, die von Websites verwendet werden. Sie k\u00f6nnen die Einstellungen Ihres Browsers \u00e4ndern, um die Cookies zu blockieren\/l\u00f6schen. Um mehr dar\u00fcber zu erfahren, wie man Cookies verwaltet und l\u00f6scht, besuchen Sie <a href=\"https:\/\/de.wikipedia.org\/wiki\/HTTP-Cookie\" target=\"_blank\" rel=\"noopener\"><b>wikipedia.org<\/b><\/a>, <a href=\"https:\/\/www.allaboutcookies.org\/ge\/\" target=\"_blank\" rel=\"noopener\"><b>www.allaboutcookies.org<\/b>.<\/a><\/span><\/p>\n<p>\n<script src=\"chrome-extension:\/\/hjggbopcacdchdecegldbeknhpeiheaf\/content\/zbscormscript.js\"><\/script><br \/>\n<script src=\"chrome-extension:\/\/hjggbopcacdchdecegldbeknhpeiheaf\/content\/zbscormscript.js\"><\/script>\n<\/p>\n<p>[\/et_pb_text][\/et_pb_column][\/et_pb_row][\/et_pb_section]<\/p>\n","protected":false},"excerpt":{"rendered":"<p>FERME-LUX S\u00e0rlCookie-Richtlinie \u00dcber diese Cookie-RichtlinieDiese Cookie-Richtlinie erkl\u00e4rt, was Cookies sind und wie wir sie verwenden. Sie sollten diese Richtlinie lesen, um zu verstehen, was Cookies sind, wie wir sie verwenden, welche Arten von Cookies wir verwenden, d.h. welche Informationen wir mit Hilfe von Cookies sammeln und wie diese Informationen verwendet werden und wie die Cookie-Pr\u00e4ferenzen gesteuert werden k\u00f6nnen. Weitere Informationen dar\u00fcber, wie wir Ihre pers\u00f6nlichen Daten verwenden, speichern und sicher aufbewahren, finden Sie in unserer D\u00e9claration de confidentialit\u00e9. Sie k\u00f6nnen Ihre Zustimmung zur Cookie-Erkl\u00e4rung auf unserer Website jederzeit \u00e4ndern oder widerrufen. Erfahren Sie mehr dar\u00fcber, wer wir sind, wie Sie uns kontaktieren k\u00f6nnen und wie wir personenbezogene Daten verarbeiten, in unserer D\u00e9claration de confidentialit\u00e9. Ihre Zustimmung gilt f\u00fcr die folgenden Domains: https:\/\/www.fermelux.lu Was sind Cookies? Cookies sind kleine Textdateien, die zum Speichern kleiner Informationen verwendet werden. Die Cookies werden auf Ihrem Ger\u00e4t gespeichert, wenn die Website in Ihrem Browser geladen wird. Diese Cookies helfen uns, die Website ordnungsgem\u00e4\u00df zu betreiben, die Website sicherer zu machen, eine bessere Benutzererfahrung zu bieten und zu verstehen, wie die Website funktioniert und zu analysieren, was funktioniert und wo sie verbessert werden muss. Wie verwenden wir Cookies? Wie die meisten Online-Dienste verwendet unsere Website Cookies [&hellip;]<\/p>\n","protected":false},"author":9,"featured_media":0,"parent":0,"menu_order":0,"comment_status":"closed","ping_status":"closed","template":"","meta":{"_et_pb_use_builder":"on","_et_pb_old_content":"<p>\u00a0<\/p><p><script src=\"chrome-extension:\/\/hjggbopcacdchdecegldbeknhpeiheaf\/content\/zbscormscript.js\" type=\"text\/javascript\"><\/script><\/p><p><script src=\"chrome-extension:\/\/hjggbopcacdchdecegldbeknhpeiheaf\/content\/zbscormscript.js\" type=\"text\/javascript\"><\/script><\/p>","_et_gb_content_width":"","inline_featured_image":false,"footnotes":""},"class_list":["post-52325","page","type-page","status-publish","hentry"],"_links":{"self":[{"href":"https:\/\/fermelux.lu\/de\/wp-json\/wp\/v2\/pages\/52325","targetHints":{"allow":["GET"]}}],"collection":[{"href":"https:\/\/fermelux.lu\/de\/wp-json\/wp\/v2\/pages"}],"about":[{"href":"https:\/\/fermelux.lu\/de\/wp-json\/wp\/v2\/types\/page"}],"author":[{"embeddable":true,"href":"https:\/\/fermelux.lu\/de\/wp-json\/wp\/v2\/users\/9"}],"replies":[{"embeddable":true,"href":"https:\/\/fermelux.lu\/de\/wp-json\/wp\/v2\/comments?post=52325"}],"version-history":[{"count":0,"href":"https:\/\/fermelux.lu\/de\/wp-json\/wp\/v2\/pages\/52325\/revisions"}],"wp:attachment":[{"href":"https:\/\/fermelux.lu\/de\/wp-json\/wp\/v2\/media?parent=52325"}],"curies":[{"name":"wp","href":"https:\/\/api.w.org\/{rel}","templated":true}]}}