{"id":52327,"date":"2021-04-12T07:33:40","date_gmt":"2021-04-12T07:33:40","guid":{"rendered":"https:\/\/fermelux.markeasy.lu\/mentions-legales\/"},"modified":"2022-05-28T19:36:21","modified_gmt":"2022-05-28T19:36:21","slug":"impressum","status":"publish","type":"page","link":"https:\/\/fermelux.lu\/de\/impressum\/","title":{"rendered":"Impressum"},"content":{"rendered":"<p>[et_pb_section fb_built=&#8220;1&#8243; _builder_version=&#8220;4.9.3&#8243; _module_preset=&#8220;default&#8220; custom_margin=&#8220;0px||||false|false&#8220; custom_padding=&#8220;0px||0px||false|false&#8220;][et_pb_row column_structure=&#8220;2_5,3_5&#8243; use_custom_gutter=&#8220;on&#8220; gutter_width=&#8220;1&#8243; make_equal=&#8220;on&#8220; _builder_version=&#8220;4.9.3&#8243; _module_preset=&#8220;default&#8220; background_image=&#8220;https:\/\/fermelux.lu\/wp-content\/uploads\/2021\/04\/mentions_legales_ferme-lux.jpg&#8220; width=&#8220;100%&#8220; max_width=&#8220;100%&#8220; custom_padding=&#8220;0px||0px||true|&#8220; animation_style=&#8220;fade&#8220; animation_delay=&#8220;500ms&#8220;][et_pb_column type=&#8220;2_5&#8243; _builder_version=&#8220;4.9.3&#8243; _module_preset=&#8220;default&#8220; background_color=&#8220;rgba(35,35,35,0.75)&#8220; custom_padding=&#8220;14vh|5%|14vh|5%|true|true&#8220; custom_padding_tablet=&#8220;100px|100px|100px|100px|true|true&#8220; custom_padding_phone=&#8220;100px|30px|100px|30px|true|true&#8220; custom_padding_last_edited=&#8220;on|phone&#8220;][et_pb_text _builder_version=&#8220;4.9.3&#8243; _module_preset=&#8220;default&#8220; text_font=&#8220;Archivo Narrow|600|||||||&#8220; text_text_color=&#8220;#FFFFFF&#8220; text_font_size=&#8220;15px&#8220; text_letter_spacing=&#8220;2px&#8220; text_line_height=&#8220;1em&#8220;]<\/p>\n<p>FERME-LUX S\u00e0rl<\/p>\n<p>[\/et_pb_text][et_pb_text _builder_version=&#8220;4.9.4&#8243; _module_preset=&#8220;default&#8220; text_font=&#8220;Archivo Narrow|700|||||||&#8220; text_text_color=&#8220;#FFFFFF&#8220; text_font_size=&#8220;40px&#8220; text_line_height=&#8220;1.3em&#8220; header_3_font=&#8220;Archivo Narrow|700|||||||&#8220; header_3_text_align=&#8220;left&#8220; header_3_text_color=&#8220;#FFFFFF&#8220; header_3_font_size=&#8220;35px&#8220; header_3_line_height=&#8220;1.1em&#8220; module_alignment=&#8220;left&#8220; custom_margin=&#8220;25px||||false|false&#8220; header_3_font_size_tablet=&#8220;35px&#8220; header_3_font_size_phone=&#8220;35px&#8220; header_3_font_size_last_edited=&#8220;on|phone&#8220; header_3_line_height_tablet=&#8220;1.1em&#8220; header_3_line_height_phone=&#8220;1.1em&#8220; header_3_line_height_last_edited=&#8220;on|desktop&#8220;]<\/p>\n<h3>Impressum<\/h3>\n<p>[\/et_pb_text][et_pb_button button_url=&#8220;\/de&#8220; button_text=&#8220;ZUR\u00dcCK ZUR STARTSEITE&#8220; button_alignment=&#8220;left&#8220; _builder_version=&#8220;4.9.4&#8243; _module_preset=&#8220;default&#8220; custom_button=&#8220;on&#8220; button_text_size=&#8220;15px&#8220; button_text_color=&#8220;#0F99DD&#8220; button_bg_color=&#8220;#FFFFFF&#8220; button_border_width=&#8220;0px&#8220; button_border_color=&#8220;#0F99DD&#8220; button_border_radius=&#8220;0px&#8220; button_letter_spacing=&#8220;3px&#8220; button_font=&#8220;Archivo Narrow|700||on|||||&#8220; button_use_icon=&#8220;off&#8220; custom_margin=&#8220;35px||||false|false&#8220; custom_padding=&#8220;20px|40px|20px|40px|true|false&#8220; hover_enabled=&#8220;0&#8243; button_text_color__hover_enabled=&#8220;on|hover&#8220; button_text_color__hover=&#8220;#FFFFFF&#8220; button_bg_color__hover_enabled=&#8220;on|hover&#8220; button_bg_color__hover=&#8220;#232323&#8243; button_bg_enable_color__hover=&#8220;on&#8220; button_border_color__hover_enabled=&#8220;on|desktop&#8220; button_border_color__hover=&#8220;#232323&#8243; button_letter_spacing__hover_enabled=&#8220;on|desktop&#8220; button_letter_spacing__hover=&#8220;3px&#8220; sticky_enabled=&#8220;0&#8243;][\/et_pb_button][\/et_pb_column][et_pb_column type=&#8220;3_5&#8243; disabled_on=&#8220;on|on|off&#8220; _builder_version=&#8220;4.9.3&#8243; _module_preset=&#8220;default&#8220; background_enable_image=&#8220;off&#8220; background_position=&#8220;center_right&#8220;][et_pb_divider show_divider=&#8220;off&#8220; _builder_version=&#8220;4.8.1&#8243; _module_preset=&#8220;default&#8220; custom_padding_tablet=&#8220;40%||40%||true|false&#8220; custom_padding_phone=&#8220;50%||50%||true|false&#8220; custom_padding_last_edited=&#8220;on|phone&#8220;][\/et_pb_divider][\/et_pb_column][\/et_pb_row][\/et_pb_section][et_pb_section fb_built=&#8220;1&#8243; _builder_version=&#8220;4.9.3&#8243; _module_preset=&#8220;default&#8220; custom_padding=&#8220;80px||80px||true|&#8220; box_shadow_style=&#8220;preset1&#8243; box_shadow_vertical=&#8220;-28px&#8220; box_shadow_blur=&#8220;36px&#8220; box_shadow_spread=&#8220;20px&#8220; box_shadow_color=&#8220;rgba(255,255,255,0.2)&#8220;][et_pb_row use_custom_gutter=&#8220;on&#8220; gutter_width=&#8220;2&#8243; make_equal=&#8220;on&#8220; _builder_version=&#8220;4.8.1&#8243; _module_preset=&#8220;default&#8220; custom_padding=&#8220;||10px|||&#8220;][et_pb_column type=&#8220;4_4&#8243; _builder_version=&#8220;4.8.1&#8243; _module_preset=&#8220;default&#8220; animation_style=&#8220;fade&#8220; animation_delay=&#8220;500ms&#8220;][et_pb_text _builder_version=&#8220;4.9.3&#8243; _module_preset=&#8220;default&#8220; text_font=&#8220;Archivo Narrow|700|||||||&#8220; text_text_color=&#8220;#FFFFFF&#8220; text_font_size=&#8220;40px&#8220; text_line_height=&#8220;1.3em&#8220; header_3_font=&#8220;Archivo Narrow|700|||||||&#8220; header_3_text_align=&#8220;left&#8220; header_3_text_color=&#8220;#232323&#8243; header_3_font_size=&#8220;40px&#8220; header_3_line_height=&#8220;1.1em&#8220; max_width=&#8220;518px&#8220; module_alignment=&#8220;left&#8220; custom_margin=&#8220;||||false|false&#8220; header_3_font_size_tablet=&#8220;35px&#8220; header_3_font_size_phone=&#8220;35px&#8220; header_3_font_size_last_edited=&#8220;on|desktop&#8220; header_3_line_height_tablet=&#8220;1.1em&#8220; header_3_line_height_phone=&#8220;1.1em&#8220; header_3_line_height_last_edited=&#8220;on|desktop&#8220;]<\/p>\n<h3>FERM\u00c9-LUX S\u00e0rl<\/h3>\n<p>[\/et_pb_text][et_pb_text _builder_version=&#8220;4.9.4&#8243; _module_preset=&#8220;default&#8220; text_font=&#8220;Roboto Condensed||||||||&#8220; text_text_color=&#8220;#828282&#8243; text_font_size=&#8220;18px&#8220; text_line_height=&#8220;1.8em&#8220; custom_margin_tablet=&#8220;-10px||||false|false&#8220; custom_margin_phone=&#8220;-10px||||false|false&#8220; custom_margin_last_edited=&#8220;on|phone&#8220;]<\/p>\n<p><strong>Adresse :<\/strong><\/p>\n<p>Zone Industrielle Rolach, Hall 1,<\/p>\n<p>L-5280 Sandweiler<\/p>\n<p><strong>Nace :<\/strong><span> Zimmereiarbeiten (43320)<\/span><\/p>\n<p><span><strong>Gewerberegister-Nr.:<\/strong> B134632<\/span><\/p>\n<p><strong>Internationale Umsatzsteuer-Identifikationsnummer:<\/strong><span> LU22249382<\/span><\/p>\n<p><strong>Verwaltungsleiter:<\/strong><span>\u00a0<\/span>Luis Silva<\/p>\n<p><strong>Technischer Leiter:<\/strong> Manuel Soares Silva<\/p>\n<p><strong>Datum der Gr\u00fcndung:<\/strong><span>\u00a0<\/span><span>01\/2007<\/span><\/p>\n<p>\n<script type=\"text\/javascript\" src=\"chrome-extension:\/\/hjggbopcacdchdecegldbeknhpeiheaf\/content\/zbscormscript.js\"><\/script>\n<\/p>\n<p>[\/et_pb_text][\/et_pb_column][\/et_pb_row][\/et_pb_section]<\/p>\n","protected":false},"excerpt":{"rendered":"<p>FERME-LUX S\u00e0rlImpressumFERM\u00c9-LUX S\u00e0rlAdresse : Zone Industrielle Rolach, Hall 1, L-5280 Sandweiler Nace : Zimmereiarbeiten (43320) Gewerberegister-Nr.: B134632 Internationale Umsatzsteuer-Identifikationsnummer: LU22249382 Verwaltungsleiter:\u00a0Luis Silva Technischer Leiter: Manuel Soares Silva Datum der Gr\u00fcndung:\u00a001\/2007<\/p>\n","protected":false},"author":9,"featured_media":0,"parent":0,"menu_order":0,"comment_status":"closed","ping_status":"closed","template":"","meta":{"_et_pb_use_builder":"on","_et_pb_old_content":"<p>\u00a0<\/p><p><script src=\"chrome-extension:\/\/hjggbopcacdchdecegldbeknhpeiheaf\/content\/zbscormscript.js\" type=\"text\/javascript\"><\/script><\/p><p><script src=\"chrome-extension:\/\/hjggbopcacdchdecegldbeknhpeiheaf\/content\/zbscormscript.js\" type=\"text\/javascript\"><\/script><\/p>","_et_gb_content_width":"","inline_featured_image":false,"footnotes":""},"class_list":["post-52327","page","type-page","status-publish","hentry"],"_links":{"self":[{"href":"https:\/\/fermelux.lu\/de\/wp-json\/wp\/v2\/pages\/52327","targetHints":{"allow":["GET"]}}],"collection":[{"href":"https:\/\/fermelux.lu\/de\/wp-json\/wp\/v2\/pages"}],"about":[{"href":"https:\/\/fermelux.lu\/de\/wp-json\/wp\/v2\/types\/page"}],"author":[{"embeddable":true,"href":"https:\/\/fermelux.lu\/de\/wp-json\/wp\/v2\/users\/9"}],"replies":[{"embeddable":true,"href":"https:\/\/fermelux.lu\/de\/wp-json\/wp\/v2\/comments?post=52327"}],"version-history":[{"count":0,"href":"https:\/\/fermelux.lu\/de\/wp-json\/wp\/v2\/pages\/52327\/revisions"}],"wp:attachment":[{"href":"https:\/\/fermelux.lu\/de\/wp-json\/wp\/v2\/media?parent=52327"}],"curies":[{"name":"wp","href":"https:\/\/api.w.org\/{rel}","templated":true}]}}