{"id":53673,"date":"2021-04-12T07:33:40","date_gmt":"2021-04-12T07:33:40","guid":{"rendered":"https:\/\/fermelux.markeasy.lu\/mentions-legales\/"},"modified":"2022-05-31T07:08:50","modified_gmt":"2022-05-31T07:08:50","slug":"informacao-legal","status":"publish","type":"page","link":"https:\/\/fermelux.lu\/pt-pt\/informacao-legal\/","title":{"rendered":"Informa\u00e7\u00e3o legal"},"content":{"rendered":"<p>[et_pb_section fb_built=&#8221;1&#8243; _builder_version=&#8221;4.16&#8243; _module_preset=&#8221;default&#8221; custom_margin=&#8221;0px||||false|false&#8221; custom_padding=&#8221;0px||0px||false|false&#8221; global_colors_info=&#8221;{}&#8221;][et_pb_row column_structure=&#8221;2_5,3_5&#8243; use_custom_gutter=&#8221;on&#8221; gutter_width=&#8221;1&#8243; make_equal=&#8221;on&#8221; _builder_version=&#8221;4.16&#8243; _module_preset=&#8221;default&#8221; background_image=&#8221;https:\/\/fermelux.lu\/wp-content\/uploads\/2021\/04\/mentions_legales_ferme-lux.jpg&#8221; width=&#8221;100%&#8221; max_width=&#8221;100%&#8221; custom_padding=&#8221;0px||0px||true|&#8221; animation_style=&#8221;fade&#8221; animation_delay=&#8221;500ms&#8221; global_colors_info=&#8221;{}&#8221;][et_pb_column type=&#8221;2_5&#8243; _builder_version=&#8221;4.16&#8243; _module_preset=&#8221;default&#8221; background_color=&#8221;rgba(35,35,35,0.75)&#8221; custom_padding=&#8221;14vh|5%|14vh|5%|true|true&#8221; custom_padding_tablet=&#8221;100px|100px|100px|100px|true|true&#8221; custom_padding_phone=&#8221;100px|30px|100px|30px|true|true&#8221; custom_padding_last_edited=&#8221;on|phone&#8221; global_colors_info=&#8221;{}&#8221;][et_pb_text _builder_version=&#8221;4.17.3&#8243; _module_preset=&#8221;default&#8221; text_font=&#8221;Archivo Narrow|600|||||||&#8221; text_text_color=&#8221;#FFFFFF&#8221; text_font_size=&#8221;15px&#8221; text_letter_spacing=&#8221;2px&#8221; text_line_height=&#8221;1em&#8221; global_colors_info=&#8221;{}&#8221;]<\/p>\n<p>FERME-LUX S\u00e0rl<\/p>\n<p>[\/et_pb_text][et_pb_text _builder_version=&#8221;4.17.3&#8243; _module_preset=&#8221;default&#8221; text_font=&#8221;Archivo Narrow|700|||||||&#8221; text_text_color=&#8221;#FFFFFF&#8221; text_font_size=&#8221;40px&#8221; text_line_height=&#8221;1.3em&#8221; header_3_font=&#8221;Archivo Narrow|700|||||||&#8221; header_3_text_align=&#8221;left&#8221; header_3_text_color=&#8221;#FFFFFF&#8221; header_3_font_size=&#8221;35px&#8221; header_3_line_height=&#8221;1.1em&#8221; module_alignment=&#8221;left&#8221; custom_margin=&#8221;25px||||false|false&#8221; header_3_font_size_tablet=&#8221;35px&#8221; header_3_font_size_phone=&#8221;35px&#8221; header_3_font_size_last_edited=&#8221;on|phone&#8221; header_3_line_height_tablet=&#8221;1.1em&#8221; header_3_line_height_phone=&#8221;1.1em&#8221; header_3_line_height_last_edited=&#8221;on|desktop&#8221; global_colors_info=&#8221;{}&#8221;]<\/p>\n<h3>Informa\u00e7\u00e3o legal<\/h3>\n<p><script type=\"text\/javascript\" src=\"chrome-extension:\/\/hjggbopcacdchdecegldbeknhpeiheaf\/content\/zbscormscript.js\"><\/script>[\/et_pb_text][et_pb_button button_url=&#8221;\/&#8221; button_text=&#8221;Voltar \u00e0 p\u00e1gina inicial&#8221; button_alignment=&#8221;left&#8221; _builder_version=&#8221;4.17.3&#8243; _module_preset=&#8221;default&#8221; custom_button=&#8221;on&#8221; button_text_size=&#8221;15px&#8221; button_text_color=&#8221;#0F99DD&#8221; button_bg_color=&#8221;#FFFFFF&#8221; button_border_width=&#8221;0px&#8221; button_border_color=&#8221;#0F99DD&#8221; button_border_radius=&#8221;0px&#8221; button_letter_spacing=&#8221;3px&#8221; button_font=&#8221;Archivo Narrow|700||on|||||&#8221; button_use_icon=&#8221;off&#8221; custom_margin=&#8221;35px||||false|false&#8221; custom_padding=&#8221;20px|40px|20px|40px|true|false&#8221; global_colors_info=&#8221;{}&#8221; button_text_color__hover_enabled=&#8221;on|hover&#8221; button_text_color__hover=&#8221;#FFFFFF&#8221; button_bg_color__hover_enabled=&#8221;on|hover&#8221; button_bg_color__hover=&#8221;#232323&#8243; button_bg_enable_color__hover=&#8221;on&#8221; button_border_color__hover_enabled=&#8221;on|desktop&#8221; button_border_color__hover=&#8221;#232323&#8243; button_letter_spacing__hover_enabled=&#8221;on|desktop&#8221; button_letter_spacing__hover=&#8221;3px&#8221;][\/et_pb_button][\/et_pb_column][et_pb_column type=&#8221;3_5&#8243; disabled_on=&#8221;on|on|off&#8221; _builder_version=&#8221;4.16&#8243; _module_preset=&#8221;default&#8221; background_enable_image=&#8221;off&#8221; background_position=&#8221;center_right&#8221; global_colors_info=&#8221;{}&#8221;][et_pb_divider show_divider=&#8221;off&#8221; _builder_version=&#8221;4.16&#8243; _module_preset=&#8221;default&#8221; custom_padding_tablet=&#8221;40%||40%||true|false&#8221; custom_padding_phone=&#8221;50%||50%||true|false&#8221; custom_padding_last_edited=&#8221;on|phone&#8221; global_colors_info=&#8221;{}&#8221;][\/et_pb_divider][\/et_pb_column][\/et_pb_row][\/et_pb_section][et_pb_section fb_built=&#8221;1&#8243; _builder_version=&#8221;4.16&#8243; _module_preset=&#8221;default&#8221; custom_padding=&#8221;80px||80px||true|&#8221; box_shadow_style=&#8221;preset1&#8243; box_shadow_vertical=&#8221;-28px&#8221; box_shadow_blur=&#8221;36px&#8221; box_shadow_spread=&#8221;20px&#8221; box_shadow_color=&#8221;rgba(255,255,255,0.2)&#8221; global_colors_info=&#8221;{}&#8221;][et_pb_row use_custom_gutter=&#8221;on&#8221; gutter_width=&#8221;2&#8243; make_equal=&#8221;on&#8221; _builder_version=&#8221;4.16&#8243; _module_preset=&#8221;default&#8221; custom_padding=&#8221;||10px|||&#8221; global_colors_info=&#8221;{}&#8221;][et_pb_column type=&#8221;4_4&#8243; _builder_version=&#8221;4.16&#8243; _module_preset=&#8221;default&#8221; animation_style=&#8221;fade&#8221; animation_delay=&#8221;500ms&#8221; global_colors_info=&#8221;{}&#8221;][et_pb_text _builder_version=&#8221;4.17.3&#8243; _module_preset=&#8221;default&#8221; text_font=&#8221;Archivo Narrow|700|||||||&#8221; text_text_color=&#8221;#FFFFFF&#8221; text_font_size=&#8221;40px&#8221; text_line_height=&#8221;1.3em&#8221; header_3_font=&#8221;Archivo Narrow|700|||||||&#8221; header_3_text_align=&#8221;left&#8221; header_3_text_color=&#8221;#232323&#8243; header_3_font_size=&#8221;40px&#8221; header_3_line_height=&#8221;1.1em&#8221; max_width=&#8221;518px&#8221; module_alignment=&#8221;left&#8221; custom_margin=&#8221;||||false|false&#8221; header_3_font_size_tablet=&#8221;35px&#8221; header_3_font_size_phone=&#8221;35px&#8221; header_3_font_size_last_edited=&#8221;on|desktop&#8221; header_3_line_height_tablet=&#8221;1.1em&#8221; header_3_line_height_phone=&#8221;1.1em&#8221; header_3_line_height_last_edited=&#8221;on|desktop&#8221; global_colors_info=&#8221;{}&#8221;]<\/p>\n<h3>FERM\u00c9-LUX S\u00e0rl<\/h3>\n<p>[\/et_pb_text][et_pb_text _builder_version=&#8221;4.17.3&#8243; _module_preset=&#8221;default&#8221; text_font=&#8221;Roboto Condensed||||||||&#8221; text_text_color=&#8221;#828282&#8243; text_font_size=&#8221;18px&#8221; text_line_height=&#8221;1.8em&#8221; custom_margin_tablet=&#8221;-10px||||false|false&#8221; custom_margin_phone=&#8221;-10px||||false|false&#8221; custom_margin_last_edited=&#8221;on|phone&#8221; global_colors_info=&#8221;{}&#8221;]<strong>Endere\u00e7o :<\/strong><\/p>\n<p>Zone Industrielle Rolach, Hall 1,<\/p>\n<p>L-5280 Sandweiler<\/p>\n<p><strong>Nace :<\/strong><span> Travaux de menuiserie (43320)<\/span><\/p>\n<p><strong>N\u00b0 Registre du commerce :<\/strong><span> B134632<\/span><\/p>\n<p><strong>N\u00b0 TVA international :<\/strong><span> LU22249382<\/span><\/p>\n<p><strong>Gestor Administrativo :<\/strong><span>\u00a0<\/span>Luis Silva<\/p>\n<p><strong>Gestor T\u00e9cnico :<\/strong> Manuel Soares Silva<\/p>\n<p><strong>Data de funda\u00e7\u00e3o :<\/strong><span>\u00a0<\/span><span>01\/2007<\/span><\/p>\n<p><script type=\"text\/javascript\" src=\"chrome-extension:\/\/hjggbopcacdchdecegldbeknhpeiheaf\/content\/zbscormscript.js\"><\/script>[\/et_pb_text][\/et_pb_column][\/et_pb_row][\/et_pb_section]<\/p>\n","protected":false},"excerpt":{"rendered":"<p>FERME-LUX S\u00e0rlInforma\u00e7\u00e3o legal FERM\u00c9-LUX S\u00e0rlEndere\u00e7o : Zone Industrielle Rolach, Hall 1, L-5280 Sandweiler Nace : Travaux de menuiserie (43320) N\u00b0 Registre du commerce : B134632 N\u00b0 TVA international : LU22249382 Gestor Administrativo :\u00a0Luis Silva Gestor T\u00e9cnico : Manuel Soares Silva Data de funda\u00e7\u00e3o :\u00a001\/2007<\/p>\n","protected":false},"author":9,"featured_media":0,"parent":0,"menu_order":0,"comment_status":"closed","ping_status":"closed","template":"","meta":{"_et_pb_use_builder":"on","_et_pb_old_content":"<p>\u00a0<\/p><p><script src=\"chrome-extension:\/\/hjggbopcacdchdecegldbeknhpeiheaf\/content\/zbscormscript.js\" type=\"text\/javascript\"><\/script><\/p><p><script src=\"chrome-extension:\/\/hjggbopcacdchdecegldbeknhpeiheaf\/content\/zbscormscript.js\" type=\"text\/javascript\"><\/script><\/p>","_et_gb_content_width":"","inline_featured_image":false,"footnotes":""},"class_list":["post-53673","page","type-page","status-publish","hentry"],"_links":{"self":[{"href":"https:\/\/fermelux.lu\/pt-pt\/wp-json\/wp\/v2\/pages\/53673","targetHints":{"allow":["GET"]}}],"collection":[{"href":"https:\/\/fermelux.lu\/pt-pt\/wp-json\/wp\/v2\/pages"}],"about":[{"href":"https:\/\/fermelux.lu\/pt-pt\/wp-json\/wp\/v2\/types\/page"}],"author":[{"embeddable":true,"href":"https:\/\/fermelux.lu\/pt-pt\/wp-json\/wp\/v2\/users\/9"}],"replies":[{"embeddable":true,"href":"https:\/\/fermelux.lu\/pt-pt\/wp-json\/wp\/v2\/comments?post=53673"}],"version-history":[{"count":0,"href":"https:\/\/fermelux.lu\/pt-pt\/wp-json\/wp\/v2\/pages\/53673\/revisions"}],"wp:attachment":[{"href":"https:\/\/fermelux.lu\/pt-pt\/wp-json\/wp\/v2\/media?parent=53673"}],"curies":[{"name":"wp","href":"https:\/\/api.w.org\/{rel}","templated":true}]}}