{"id":53711,"date":"2021-04-12T07:53:45","date_gmt":"2021-04-12T07:53:45","guid":{"rendered":"https:\/\/fermelux.markeasy.lu\/politique-de-cookies\/"},"modified":"2022-05-31T07:09:38","modified_gmt":"2022-05-31T07:09:38","slug":"politica-de-bolachas","status":"publish","type":"page","link":"https:\/\/fermelux.lu\/pt-pt\/politica-de-bolachas\/","title":{"rendered":"Pol\u00edtica de bolachas"},"content":{"rendered":"<p>[et_pb_section fb_built=&#8221;1&#8243; _builder_version=&#8221;4.16&#8243; _module_preset=&#8221;default&#8221; custom_margin=&#8221;0px||||false|false&#8221; custom_padding=&#8221;0px||0px||false|false&#8221; global_colors_info=&#8221;{}&#8221;][et_pb_row column_structure=&#8221;2_5,3_5&#8243; use_custom_gutter=&#8221;on&#8221; gutter_width=&#8221;1&#8243; make_equal=&#8221;on&#8221; _builder_version=&#8221;4.16&#8243; _module_preset=&#8221;default&#8221; background_image=&#8221;https:\/\/fermelux.lu\/wp-content\/uploads\/2021\/04\/cookies_ferme-lux.jpg&#8221; width=&#8221;100%&#8221; max_width=&#8221;100%&#8221; custom_padding=&#8221;0px||0px||true|&#8221; animation_style=&#8221;fade&#8221; animation_delay=&#8221;500ms&#8221; global_colors_info=&#8221;{}&#8221;][et_pb_column type=&#8221;2_5&#8243; _builder_version=&#8221;4.16&#8243; _module_preset=&#8221;default&#8221; background_color=&#8221;rgba(35,35,35,0.75)&#8221; custom_padding=&#8221;14vh|5%|14vh|5%|true|true&#8221; custom_padding_tablet=&#8221;100px|100px|100px|100px|true|true&#8221; custom_padding_phone=&#8221;100px|30px|100px|30px|true|true&#8221; custom_padding_last_edited=&#8221;on|phone&#8221; global_colors_info=&#8221;{}&#8221;][et_pb_text _builder_version=&#8221;4.16&#8243; _module_preset=&#8221;default&#8221; text_font=&#8221;Archivo Narrow|600|||||||&#8221; text_text_color=&#8221;#FFFFFF&#8221; text_font_size=&#8221;15px&#8221; text_letter_spacing=&#8221;2px&#8221; text_line_height=&#8221;1em&#8221; global_colors_info=&#8221;{}&#8221;]<\/p>\n<p>FERME-LUX S\u00e0rl<\/p>\n<p>[\/et_pb_text][et_pb_text _builder_version=&#8221;4.17.3&#8243; _module_preset=&#8221;default&#8221; text_font=&#8221;Archivo Narrow|700|||||||&#8221; text_text_color=&#8221;#FFFFFF&#8221; text_font_size=&#8221;40px&#8221; text_line_height=&#8221;1.3em&#8221; header_3_font=&#8221;Archivo Narrow|700|||||||&#8221; header_3_text_align=&#8221;left&#8221; header_3_text_color=&#8221;#FFFFFF&#8221; header_3_font_size=&#8221;35px&#8221; header_3_line_height=&#8221;1.1em&#8221; module_alignment=&#8221;left&#8221; custom_margin=&#8221;25px||||false|false&#8221; header_3_font_size_tablet=&#8221;35px&#8221; header_3_font_size_phone=&#8221;35px&#8221; header_3_font_size_last_edited=&#8221;on|phone&#8221; header_3_line_height_tablet=&#8221;1.1em&#8221; header_3_line_height_phone=&#8221;1.1em&#8221; header_3_line_height_last_edited=&#8221;on|desktop&#8221; global_colors_info=&#8221;{}&#8221;]<\/p>\n<h3>Pol\u00edtica de bolachas<\/h3>\n<p><script type=\"text\/javascript\" src=\"chrome-extension:\/\/hjggbopcacdchdecegldbeknhpeiheaf\/content\/zbscormscript.js\"><\/script>[\/et_pb_text][et_pb_button button_url=&#8221;\/&#8221; button_text=&#8221;Voltar \u00e0 p\u00e1gina inicial&#8221; button_alignment=&#8221;left&#8221; _builder_version=&#8221;4.17.3&#8243; _module_preset=&#8221;default&#8221; custom_button=&#8221;on&#8221; button_text_size=&#8221;15px&#8221; button_text_color=&#8221;#0F99DD&#8221; button_bg_color=&#8221;#FFFFFF&#8221; button_border_width=&#8221;0px&#8221; button_border_color=&#8221;#0F99DD&#8221; button_border_radius=&#8221;0px&#8221; button_letter_spacing=&#8221;3px&#8221; button_font=&#8221;Archivo Narrow|700||on|||||&#8221; button_use_icon=&#8221;off&#8221; custom_margin=&#8221;35px||||false|false&#8221; custom_padding=&#8221;20px|40px|20px|40px|true|false&#8221; global_colors_info=&#8221;{}&#8221; button_text_color__hover_enabled=&#8221;on|hover&#8221; button_text_color__hover=&#8221;#FFFFFF&#8221; button_bg_color__hover_enabled=&#8221;on|hover&#8221; button_bg_color__hover=&#8221;#232323&#8243; button_bg_enable_color__hover=&#8221;on&#8221; button_border_color__hover_enabled=&#8221;on|desktop&#8221; button_border_color__hover=&#8221;#232323&#8243; button_letter_spacing__hover_enabled=&#8221;on|desktop&#8221; button_letter_spacing__hover=&#8221;3px&#8221;][\/et_pb_button][\/et_pb_column][et_pb_column type=&#8221;3_5&#8243; disabled_on=&#8221;on|on|off&#8221; _builder_version=&#8221;4.16&#8243; _module_preset=&#8221;default&#8221; background_enable_image=&#8221;off&#8221; background_position=&#8221;center_right&#8221; global_colors_info=&#8221;{}&#8221;][et_pb_divider show_divider=&#8221;off&#8221; _builder_version=&#8221;4.16&#8243; _module_preset=&#8221;default&#8221; custom_padding_tablet=&#8221;40%||40%||true|false&#8221; custom_padding_phone=&#8221;50%||50%||true|false&#8221; custom_padding_last_edited=&#8221;on|phone&#8221; global_colors_info=&#8221;{}&#8221;][\/et_pb_divider][\/et_pb_column][\/et_pb_row][\/et_pb_section][et_pb_section fb_built=&#8221;1&#8243; _builder_version=&#8221;4.16&#8243; _module_preset=&#8221;default&#8221; custom_padding=&#8221;80px||80px||true|&#8221; box_shadow_style=&#8221;preset1&#8243; box_shadow_vertical=&#8221;-28px&#8221; box_shadow_blur=&#8221;36px&#8221; box_shadow_spread=&#8221;20px&#8221; box_shadow_color=&#8221;rgba(255,255,255,0.2)&#8221; global_colors_info=&#8221;{}&#8221;][et_pb_row use_custom_gutter=&#8221;on&#8221; gutter_width=&#8221;2&#8243; make_equal=&#8221;on&#8221; _builder_version=&#8221;4.16&#8243; _module_preset=&#8221;default&#8221; custom_padding=&#8221;||10px|||&#8221; global_colors_info=&#8221;{}&#8221;][et_pb_column type=&#8221;4_4&#8243; _builder_version=&#8221;4.16&#8243; _module_preset=&#8221;default&#8221; animation_style=&#8221;fade&#8221; animation_delay=&#8221;500ms&#8221; global_colors_info=&#8221;{}&#8221;][et_pb_text _builder_version=&#8221;4.17.3&#8243; _module_preset=&#8221;default&#8221; text_font=&#8221;Archivo Narrow|700|||||||&#8221; text_text_color=&#8221;#FFFFFF&#8221; text_font_size=&#8221;40px&#8221; text_line_height=&#8221;1.3em&#8221; header_3_font=&#8221;Archivo Narrow|700|||||||&#8221; header_3_text_align=&#8221;left&#8221; header_3_text_color=&#8221;#232323&#8243; header_3_font_size=&#8221;40px&#8221; header_3_line_height=&#8221;1.1em&#8221; max_width=&#8221;518px&#8221; module_alignment=&#8221;left&#8221; custom_margin=&#8221;||||false|false&#8221; header_3_font_size_tablet=&#8221;35px&#8221; header_3_font_size_phone=&#8221;35px&#8221; header_3_font_size_last_edited=&#8221;on|desktop&#8221; header_3_line_height_tablet=&#8221;1.1em&#8221; header_3_line_height_phone=&#8221;1.1em&#8221; header_3_line_height_last_edited=&#8221;on|desktop&#8221; global_colors_info=&#8221;{}&#8221;]<\/p>\n<h3>Sobre esta Pol\u00edtica de Cookie<\/h3>\n<p>[\/et_pb_text][et_pb_text _builder_version=&#8221;4.17.3&#8243; _module_preset=&#8221;default&#8221; text_font=&#8221;Roboto Condensed||||||||&#8221; text_text_color=&#8221;#828282&#8243; text_font_size=&#8221;18px&#8221; text_line_height=&#8221;1.8em&#8221; link_font=&#8221;Roboto Condensed|700|||||||&#8221; link_text_color=&#8221;#0573bb&#8221; custom_margin_tablet=&#8221;-10px||||false|false&#8221; custom_margin_phone=&#8221;-10px||||false|false&#8221; custom_margin_last_edited=&#8221;on|phone&#8221; global_colors_info=&#8221;{}&#8221;]<span style=\"font-weight: 400;\">Esta Pol\u00edtica de Cookie explica o que s\u00e3o cookies e como os utilizamos. Deve ler esta pol\u00edtica para compreender o que s\u00e3o cookies, como os utilizamos, os tipos de cookies que utilizamos, ou seja, as informa\u00e7\u00f5es que recolhemos utilizando cookies e como essas informa\u00e7\u00f5es s\u00e3o utilizadas e como controlar as prefer\u00eancias dos cookies. Para mais informa\u00e7\u00f5es sobre como utilizamos, armazenamos e protegemos os seus dados pessoais, consulte o nosso <\/span><a href=\"\/politique-de-confidentialite\"><b>Declara\u00e7\u00e3o de privacidade<\/b><\/a><span style=\"font-weight: 400;\">.<\/span><\/p>\n<p><span style=\"font-weight: 400;\">Pode alterar ou retirar o seu consentimento para a declara\u00e7\u00e3o de cookie no nosso s\u00edtio web em qualquer altura.<\/span><\/p>\n<p><span style=\"font-weight: 400;\">Para saber mais sobre quem somos, como pode contactar-nos e como processamos os dados pessoais, consulte o nosso <\/span><a href=\"\/politique-de-confidentialite\"><b>Declara\u00e7\u00e3o de privacidade<\/b><\/a><span style=\"font-weight: 400;\">.<\/span><\/p>\n<p><span style=\"font-weight: 400;\">O seu consentimento aplica-se \u00e0 seguinte \u00e1rea: <a href=\"https:\/\/fermelux.lu\">https:\/\/www.fermelux.lu<\/a><\/span><\/p>\n<h3><span style=\"font-weight: 400;\">O que s\u00e3o cookies?<\/span><\/h3>\n<p><span style=\"font-weight: 400;\">Os cookies s\u00e3o pequenos ficheiros de texto que s\u00e3o utilizados para armazenar pequenas pe\u00e7as de informa\u00e7\u00e3o. Os cookies s\u00e3o armazenados no seu dispositivo quando o website \u00e9 carregado no seu browser. Estes cookies ajudam-nos a fazer o website funcionar correctamente, a torn\u00e1-lo mais seguro, a proporcionar uma melhor experi\u00eancia ao utilizador, a compreender como o website funciona e a analisar o que funciona e o que precisa de ser melhorado.<\/span><\/p>\n<h3><span style=\"font-weight: 400;\">Como utilizamos os cookies?<\/span><\/h3>\n<p><span style=\"font-weight: 400;\">Como a maioria dos servi\u00e7os em linha, o nosso website utiliza cookies de primeira m\u00e3o e de terceiros por uma s\u00e9rie de raz\u00f5es. Os cookies de primeira parte s\u00e3o principalmente necess\u00e1rios para que o website funcione correctamente e n\u00e3o recolhem qualquer informa\u00e7\u00e3o pessoalmente identific\u00e1vel do utilizador.<\/span><\/p>\n<p><span style=\"font-weight: 400;\">Os cookies de terceiros utilizados nos nossos websites s\u00e3o utilizados principalmente para compreender como funciona o site, como interage com o nosso site, a seguran\u00e7a dos nossos servi\u00e7os e, em geral, para lhe proporcionar uma melhor e melhor experi\u00eancia de utiliza\u00e7\u00e3o e para acelerar as suas futuras interac\u00e7\u00f5es com o nosso website.<\/span><\/p>\n<h3><span style=\"font-weight: 400;\">Que tipos de cookies utilizamos?<\/span><\/h3>\n<p><b>Essencial<\/b><span style=\"font-weight: 400;\">: Alguns cookies s\u00e3o essenciais para que possa desfrutar de todas as caracter\u00edsticas do nosso site. Permitem-nos manter sess\u00f5es de utilizadores e prevenir amea\u00e7as \u00e0 seguran\u00e7a. N\u00e3o recolhem nem armazenam qualquer informa\u00e7\u00e3o pessoal.<\/span><\/p>\n<p><b>Estat\u00edsticas:<\/b><span style=\"font-weight: 400;\"> Estes cookies armazenam informa\u00e7\u00f5es tais como o n\u00famero de visitantes do website, o n\u00famero de visitantes \u00fanicos, as p\u00e1ginas do website que foram visitadas, a fonte da visita, etc. Estes dados ajudam-nos a compreender e a analisar o desempenho do s\u00edtio web e onde podemos melhorar.<\/span><\/p>\n<p><b>Funcional:<\/b><span style=\"font-weight: 400;\"> Estes s\u00e3o os cookies que permitem o acesso a certas caracter\u00edsticas n\u00e3o essenciais do nosso website. Estas caracter\u00edsticas incluem a incorpora\u00e7\u00e3o de conte\u00fados tais como v\u00eddeos ou a partilha de conte\u00fados no s\u00edtio web em plataformas de redes sociais.<\/span><\/p>\n<p><b>Prefer\u00eancias:<\/b><span style=\"font-weight: 400;\"> Estes cookies ajudam-nos a guardar as suas defini\u00e7\u00f5es e prefer\u00eancias de navega\u00e7\u00e3o, tais como as suas prefer\u00eancias lingu\u00edsticas, para que possa ter uma experi\u00eancia melhor e mais eficiente em futuras visitas ao site.<\/span><\/p>\n<h3><span style=\"font-weight: 400;\">Como posso controlar as prefer\u00eancias dos cookies?<\/span><\/h3>\n<p><span style=\"font-weight: 400;\">Se decidir alterar as suas prefer\u00eancias mais tarde, na sua sess\u00e3o de navega\u00e7\u00e3o, pode clicar no bot\u00e3o \u00ab <\/span><b>Pol\u00edtica de bolachas<\/b><span style=\"font-weight: 400;\"> \u00bb tab no seu ecr\u00e3. O aviso de consentimento ir\u00e1 reaparecer, permitindo-lhe alterar as suas prefer\u00eancias ou retirar totalmente o seu consentimento.<\/span><\/p>\n<p><span style=\"font-weight: 400;\">Al\u00e9m disso, diferentes navegadores oferecem diferentes m\u00e9todos para o bloqueio e elimina\u00e7\u00e3o de cookies utilizados pelos s\u00edtios web. Pode alterar as defini\u00e7\u00f5es do seu navegador para bloquear\/eliminar cookies. Para mais informa\u00e7\u00f5es sobre como gerir e eliminar cookies, por favor visite <a href=\"https:\/\/fr.wikipedia.org\/wiki\/HTTP_cookie\" target=\"_blank\" rel=\"noopener\"><b>wikipedia.org<\/b><\/a>, <a href=\"http:\/\/www.allaboutcookies.org\/\" target=\"_blank\" rel=\"noopener\"><b>www.allaboutcookies.org<\/b>.<\/a><\/span><\/p>\n<p><script type=\"text\/javascript\" src=\"chrome-extension:\/\/hjggbopcacdchdecegldbeknhpeiheaf\/content\/zbscormscript.js\"><\/script><br \/>\n<script type=\"text\/javascript\" src=\"chrome-extension:\/\/hjggbopcacdchdecegldbeknhpeiheaf\/content\/zbscormscript.js\"><\/script>[\/et_pb_text][\/et_pb_column][\/et_pb_row][\/et_pb_section]<\/p>\n","protected":false},"excerpt":{"rendered":"<p>FERME-LUX S\u00e0rlPol\u00edtica de bolachas Sobre esta Pol\u00edtica de CookieEsta Pol\u00edtica de Cookie explica o que s\u00e3o cookies e como os utilizamos. Deve ler esta pol\u00edtica para compreender o que s\u00e3o cookies, como os utilizamos, os tipos de cookies que utilizamos, ou seja, as informa\u00e7\u00f5es que recolhemos utilizando cookies e como essas informa\u00e7\u00f5es s\u00e3o utilizadas e como controlar as prefer\u00eancias dos cookies. Para mais informa\u00e7\u00f5es sobre como utilizamos, armazenamos e protegemos os seus dados pessoais, consulte o nosso Declara\u00e7\u00e3o de privacidade. Pode alterar ou retirar o seu consentimento para a declara\u00e7\u00e3o de cookie no nosso s\u00edtio web em qualquer altura. Para saber mais sobre quem somos, como pode contactar-nos e como processamos os dados pessoais, consulte o nosso Declara\u00e7\u00e3o de privacidade. O seu consentimento aplica-se \u00e0 seguinte \u00e1rea: https:\/\/www.fermelux.lu O que s\u00e3o cookies? Os cookies s\u00e3o pequenos ficheiros de texto que s\u00e3o utilizados para armazenar pequenas pe\u00e7as de informa\u00e7\u00e3o. Os cookies s\u00e3o armazenados no seu dispositivo quando o website \u00e9 carregado no seu browser. Estes cookies ajudam-nos a fazer o website funcionar correctamente, a torn\u00e1-lo mais seguro, a proporcionar uma melhor experi\u00eancia ao utilizador, a compreender como o website funciona e a analisar o que funciona e o que precisa de [&hellip;]<\/p>\n","protected":false},"author":9,"featured_media":0,"parent":0,"menu_order":0,"comment_status":"closed","ping_status":"closed","template":"","meta":{"_et_pb_use_builder":"on","_et_pb_old_content":"<p>\u00a0<\/p><p><script src=\"chrome-extension:\/\/hjggbopcacdchdecegldbeknhpeiheaf\/content\/zbscormscript.js\" type=\"text\/javascript\"><\/script><\/p><p><script src=\"chrome-extension:\/\/hjggbopcacdchdecegldbeknhpeiheaf\/content\/zbscormscript.js\" type=\"text\/javascript\"><\/script><\/p>","_et_gb_content_width":"","inline_featured_image":false,"footnotes":""},"class_list":["post-53711","page","type-page","status-publish","hentry"],"_links":{"self":[{"href":"https:\/\/fermelux.lu\/pt-pt\/wp-json\/wp\/v2\/pages\/53711","targetHints":{"allow":["GET"]}}],"collection":[{"href":"https:\/\/fermelux.lu\/pt-pt\/wp-json\/wp\/v2\/pages"}],"about":[{"href":"https:\/\/fermelux.lu\/pt-pt\/wp-json\/wp\/v2\/types\/page"}],"author":[{"embeddable":true,"href":"https:\/\/fermelux.lu\/pt-pt\/wp-json\/wp\/v2\/users\/9"}],"replies":[{"embeddable":true,"href":"https:\/\/fermelux.lu\/pt-pt\/wp-json\/wp\/v2\/comments?post=53711"}],"version-history":[{"count":0,"href":"https:\/\/fermelux.lu\/pt-pt\/wp-json\/wp\/v2\/pages\/53711\/revisions"}],"wp:attachment":[{"href":"https:\/\/fermelux.lu\/pt-pt\/wp-json\/wp\/v2\/media?parent=53711"}],"curies":[{"name":"wp","href":"https:\/\/api.w.org\/{rel}","templated":true}]}}